{"id":11,"date":"2014-01-28T14:08:21","date_gmt":"2014-01-28T14:08:21","guid":{"rendered":"http:\/\/www.tobias-reichert.com\/?page_id=11"},"modified":"2015-01-15T09:53:55","modified_gmt":"2015-01-15T09:53:55","slug":"vorgestellt","status":"publish","type":"page","link":"http:\/\/tobias-reichert.com\/index.php\/vorgestellt","title":{"rendered":"vorgestellt"},"content":{"rendered":"<p><a href=\"https:\/\/i0.wp.com\/tobias-reichert.com\/wp-content\/uploads\/2014\/01\/IMG_8031.jpg\"><img data-recalc-dims=\"1\" fetchpriority=\"high\" decoding=\"async\" class=\"  wp-image-84 alignright\" src=\"https:\/\/i0.wp.com\/tobias-reichert.com\/wp-content\/uploads\/2014\/01\/IMG_8031.jpg?resize=243%2C365\" alt=\"IMG_8031\" width=\"243\" height=\"365\" \/><\/a><\/p>\n<p>&nbsp;<\/p>\n<p>&nbsp;<\/p>\n<p>&nbsp;<\/p>\n<p>&nbsp;<\/p>\n<p>&nbsp;<\/p>\n<p>05\/2009 &#8211; heute<\/p>\n<h3>selbstst\u00e4ndig<br \/>\n<span style=\"color: #ff6600;\">Medienp\u00e4dagogik im sozialen Raum\/ musikalische Fr\u00fcherziehung<\/span><\/h3>\n<p><a href=\"http:\/\/tobias-reichert.com\" target=\"_blank\">www.tobias-reichert.com<\/a><\/p>\n<p><b>Branche: \u00a0 \u00a0 \u00a0 \u00a0 \u00a0 \u00a0 \u00a0 \u00a0 \u00a0 \u00a0 \u00a0 \u00a0 \u00a0 \u00a0 \u00a0<\/b>Bildungswesen<br \/>\n<b>Art der Organisation:\u00a0\u00a0\u00a0\u00a0\u00a0 <\/b>Einzelunternehmen<br \/>\n<b>Besch\u00e4ftigungsart:\u00a0\u00a0\u00a0\u00a0\u00a0\u00a0\u00a0\u00a0\u00a0\u00a0 <\/b>Freiberufler\/Selbstst\u00e4ndiger<br \/>\nKonzeption und Durchf\u00fchrung verschiedener Weiterbildungsangebote im Bereich Musik, Film und Projektaufbau. Musikalische Fr\u00fcherziehung<\/p>\n<p><span style=\"color: #993300;\"><em>10\/2011 &#8211; heute<\/em><\/span><\/p>\n<h3>p\u00e4dagogischer Mitarbeiter<br \/>\n<span style=\"color: #ff6600;\">Caritas f\u00fcr das Bistum Magdeburg e.V.<\/span><\/h3>\n<p><a href=\"http:\/\/www.mein-jahr-caritas.de\" target=\"_blank\">www.mein-jahr-caritas.de<\/a><\/p>\n<p><b>Branche: \u00a0 \u00a0 \u00a0 \u00a0 \u00a0 \u00a0 \u00a0 \u00a0 \u00a0 \u00a0 \u00a0 \u00a0 \u00a0 \u00a0 \u00a0\u00a0<\/b>Sozial- &amp; Gesundheitswesen<br \/>\n<b>Art der Organisation:\u00a0\u00a0\u00a0\u00a0\u00a0\u00a0 <\/b>Gemeinn\u00fctzig<br \/>\nBegleitung, Betreuung, Koordination von FSJ- und BFD-Gruppen, AU-Pair outgoing<\/p>\n<p><span style=\"color: #993300;\"><em>03\/2008 &#8211; heute<\/em><\/span><\/p>\n<h3>Pianist\/Arangeur<br \/>\n<span style=\"color: #ff6600;\">KARMAgold<\/span><\/h3>\n<p><a href=\"http:\/\/www.karmagold.de\/\" target=\"_blank\">www.karmagold.de<\/a><\/p>\n<p><span style=\"color: #993300;\"><em>01\/2011 &#8211; 09\/2011<\/em><\/span><\/p>\n<h3>Teamleiter Projekt &#8222;Stromsparcheck&#8220;<br \/>\n<span style=\"color: #ff6600;\">Caritas f\u00fcr das Bistum Magdeburg e.V.<\/span><\/h3>\n<p><a href=\"http:\/\/www.caritas-magdeburg.de\/\" target=\"_blank\">www.caritas-magdeburg.de<\/a><\/p>\n<p><span style=\"color: #993300;\"><em>05\/2009 &#8211; 01\/2011<\/em><\/span><\/p>\n<h3>verantwortlicher Mitarbeiter Fachbereich Sozialraumarbeit<br \/>\n<span style=\"color: #ff6600;\">Caritas f\u00fcr das Bistum Magdeburg e.V.<\/span><\/h3>\n<p><a href=\"http:\/\/www.caritas-magdeburg.de\/\" target=\"_blank\">www.caritas-magdeburg.de<\/a><\/p>\n<p><span style=\"color: #993300;\"><em>02\/2007 &#8211; 02\/2009<\/em><\/span><\/p>\n<h3>Quartiersmanager<br \/>\n<span style=\"color: #ff6600;\">Caritas f\u00fcr das Bistum Magdeburg e.V.<\/span><\/h3>\n<p><a href=\"http:\/\/www.caritas-magdeburg.de\/\" target=\"_blank\">www.caritas-magdeburg.de<\/a><\/p>\n<p><span style=\"color: #993300;\"><em>07\/2004 &#8211; 12\/2005<\/em><\/span><\/p>\n<h3>Fachbereich Sozialraumarbeit Flutnachsorge<br \/>\n<span style=\"color: #ff6600;\">Caritas f\u00fcr das Bistum Magdeburg e.V.<\/span><\/h3>\n<p><span style=\"color: #993300;\"><em>02\/2001 &#8211; 10\/2001<\/em><\/span><\/p>\n<h3>Mitarbeit im Bereich B\u00fchne\/Versorgung\/ Umzug Sachsen-Anhalt-Tag 2001<br \/>\n<span style=\"color: #ff6600;\">Stadt Haldensleben<\/span><\/h3>\n<p><a href=\"http:\/\/www.haldensleben.de\" target=\"_blank\">www.haldensleben.de<\/a><\/p>\n<div>\n<p><span style=\"color: #993300;\"><em><span style=\"font-family: 'Source Sans Pro', Helvetica, sans-serif; font-size: 16px; line-height: 1.5;\">10\/1998 &#8211; 09\/2003<\/span><\/em><\/span><\/p>\n<\/div>\n<h3><span style=\"color: #ff6600;\">HS Merseburg<\/span><br \/>\nStudium Kultur- und Medienp\u00e4dagogik,<br \/>\nAbschlu\u00df: Dipl. Kulturp\u00e4dagoge\/Medienp\u00e4dagoge<\/h3>\n<p><a href=\"http:\/\/www.hs-merseburg.de\" target=\"_blank\">www.hs-merseburg.de<\/a><\/p>\n<p><span style=\"color: #993300;\"><em>1994-1997<\/em><\/span><\/p>\n<h3><b><span style=\"color: #ff6600;\">Dresdner Bank Magdeburg<\/span><br \/>\n<\/b><b>Abschlu\u00df: Bankkaufmann\u00a0<\/b><\/h3>\n<p>&nbsp;<\/p>\n<p>&nbsp;<\/p>\n","protected":false},"excerpt":{"rendered":"<p>&nbsp; &nbsp; &nbsp; &nbsp; &nbsp; 05\/2009 &#8211; heute selbstst\u00e4ndig Medienp\u00e4dagogik im sozialen Raum\/ musikalische Fr\u00fcherziehung www.tobias-reichert.com Branche: \u00a0 \u00a0 \u00a0 \u00a0 \u00a0 \u00a0 \u00a0 \u00a0 \u00a0 \u00a0 \u00a0 \u00a0 \u00a0 \u00a0 \u00a0Bildungswesen Art der Organisation:\u00a0\u00a0\u00a0\u00a0\u00a0 Einzelunternehmen Besch\u00e4ftigungsart:\u00a0\u00a0\u00a0\u00a0\u00a0\u00a0\u00a0\u00a0\u00a0\u00a0 Freiberufler\/Selbstst\u00e4ndiger Konzeption und Durchf\u00fchrung verschiedener Weiterbildungsangebote im Bereich Musik, Film und Projektaufbau. Musikalische Fr\u00fcherziehung 10\/2011 &#8211; heute p\u00e4dagogischer [&hellip;]<\/p>\n","protected":false},"author":2,"featured_media":0,"parent":0,"menu_order":0,"comment_status":"closed","ping_status":"closed","template":"","meta":{"footnotes":""},"class_list":["post-11","page","type-page","status-publish","czr-hentry"],"jetpack_sharing_enabled":true,"jetpack_shortlink":"https:\/\/wp.me\/P4p35h-b","jetpack_likes_enabled":true,"_links":{"self":[{"href":"http:\/\/tobias-reichert.com\/index.php\/wp-json\/wp\/v2\/pages\/11","targetHints":{"allow":["GET"]}}],"collection":[{"href":"http:\/\/tobias-reichert.com\/index.php\/wp-json\/wp\/v2\/pages"}],"about":[{"href":"http:\/\/tobias-reichert.com\/index.php\/wp-json\/wp\/v2\/types\/page"}],"author":[{"embeddable":true,"href":"http:\/\/tobias-reichert.com\/index.php\/wp-json\/wp\/v2\/users\/2"}],"replies":[{"embeddable":true,"href":"http:\/\/tobias-reichert.com\/index.php\/wp-json\/wp\/v2\/comments?post=11"}],"version-history":[{"count":4,"href":"http:\/\/tobias-reichert.com\/index.php\/wp-json\/wp\/v2\/pages\/11\/revisions"}],"predecessor-version":[{"id":162,"href":"http:\/\/tobias-reichert.com\/index.php\/wp-json\/wp\/v2\/pages\/11\/revisions\/162"}],"wp:attachment":[{"href":"http:\/\/tobias-reichert.com\/index.php\/wp-json\/wp\/v2\/media?parent=11"}],"curies":[{"name":"wp","href":"https:\/\/api.w.org\/{rel}","templated":true}]}}